{"id":30,"date":"2020-03-12T00:36:47","date_gmt":"2020-03-11T17:36:47","guid":{"rendered":"https:\/\/giangupcycledstyle.com\/?page_id=30"},"modified":"2024-03-17T03:26:11","modified_gmt":"2024-03-16T20:26:11","slug":"about-me","status":"publish","type":"page","link":"https:\/\/giangstyle.com\/vi\/about-me\/","title":{"rendered":"Gi\u1edbi thi\u1ec7u"},"content":{"rendered":"<p>Xin ch\u00e0o, m\u00ecnh l\u00e0 Giang, \u0111ang s\u1ed1ng t\u1ea1i H\u00e0 N\u1ed9i, Vi\u1ec7t Nam.<\/p>\n\n\n\n<p>M\u00ecnh y\u00eau th\u00edch th\u1eddi trang v\u00e0 nhu\u1ed9m t\u1ef1 nhi\u00ean. R\u1ea5t vui \u0111\u01b0\u1ee3c g\u1eb7p c\u00e1c b\u1ea1n t\u1ea1i \u0111\u00e2y!<\/p>\n\n\n\n<p>T\u1ea1i \u0111\u00e2y m\u00ecnh s\u1ebd chia s\u1ebb v\u1edbi b\u1ea1n v\u1ec1 c\u00e1c ph\u01b0\u01a1ng ph\u00e1p, d\u1ef1 \u00e1n, \u00fd t\u01b0\u1edfng, s\u1ef1 ki\u1ec7n v\u00e0 workshop v\u1ec1 Nhu\u1ed9m t\u1ef1 nhi\u00ean. <\/p>\n\n\n\n<p>C\u00f9ng v\u1edbi m\u1ed9t s\u1ed1 ng\u01b0\u1eddi b\u1ea1n, m\u00ecnh \u0111ang x\u00e2y d\u1ef1ng m\u1ed9t kh\u00f4ng gian th\u1ee7 c\u00f4ng v\u00e0 ngh\u1ec7 thu\u1eadt s\u00e1ng t\u1ea1o \u1edf H\u00e0 N\u1ed9i, n\u01a1i ch\u00fang m\u00ecnh g\u1eb7p nhau \u0111\u1ec3 t\u1ef1 l\u00e0m ra m\u1ed9t th\u1ee9 g\u00ec \u0111\u00f3 th\u00fa v\u1ecb t\u1eeb \u0111\u00f4i b\u00e0n tay c\u1ee7a m\u00ecnh.<\/p>\n\n\n\n<p>M\u00ecnh hy v\u1ecdng c\u00f3 th\u00eam nhi\u1ec1u c\u01a1 h\u1ed9i \u0111\u1ec3 s\u1ebb t\u00ecnh y\u00eau c\u1ee7a m\u00ecnh \u0111\u1ed1i v\u1edbi Nhu\u1ed9m t\u1ef1 nhi\u00ean v\u00e0 l\u1ed1i s\u1ed1ng b\u1ec1n v\u1eefng.<\/p>","protected":false},"excerpt":{"rendered":"<p>Hi, I&#8217;m Giang. I live in Hanoi, Vietnam. I love fashion and natural dyeing. I am so happy to see you here! Here I share with you my natural dyeing techniques, DIY projects, ideas, events and workshops. Together with some friends, I&#8217;m building a creative arts and crafts space in Hanoi where we gather to [&hellip;]<\/p>","protected":false},"author":1,"featured_media":642,"parent":0,"menu_order":0,"comment_status":"closed","ping_status":"closed","template":"","meta":{"jetpack_post_was_ever_published":false,"footnotes":""},"class_list":["post-30","page","type-page","status-publish","has-post-thumbnail","hentry"],"jetpack_sharing_enabled":true,"_links":{"self":[{"href":"https:\/\/giangstyle.com\/vi\/wp-json\/wp\/v2\/pages\/30","targetHints":{"allow":["GET"]}}],"collection":[{"href":"https:\/\/giangstyle.com\/vi\/wp-json\/wp\/v2\/pages"}],"about":[{"href":"https:\/\/giangstyle.com\/vi\/wp-json\/wp\/v2\/types\/page"}],"author":[{"embeddable":true,"href":"https:\/\/giangstyle.com\/vi\/wp-json\/wp\/v2\/users\/1"}],"replies":[{"embeddable":true,"href":"https:\/\/giangstyle.com\/vi\/wp-json\/wp\/v2\/comments?post=30"}],"version-history":[{"count":6,"href":"https:\/\/giangstyle.com\/vi\/wp-json\/wp\/v2\/pages\/30\/revisions"}],"predecessor-version":[{"id":773,"href":"https:\/\/giangstyle.com\/vi\/wp-json\/wp\/v2\/pages\/30\/revisions\/773"}],"wp:featuredmedia":[{"embeddable":true,"href":"https:\/\/giangstyle.com\/vi\/wp-json\/wp\/v2\/media\/642"}],"wp:attachment":[{"href":"https:\/\/giangstyle.com\/vi\/wp-json\/wp\/v2\/media?parent=30"}],"curies":[{"name":"wp","href":"https:\/\/api.w.org\/{rel}","templated":true}]}}